{"id":90,"date":"2025-01-16T23:25:02","date_gmt":"2025-01-16T22:25:02","guid":{"rendered":"http:\/\/mniszek.org\/?page_id=90"},"modified":"2025-02-27T23:34:56","modified_gmt":"2025-02-27T22:34:56","slug":"regulamin","status":"publish","type":"page","link":"https:\/\/mniszek.org\/en\/regulamin\/","title":{"rendered":"Regulamin"},"content":{"rendered":"\n<p>Ka\u017cda osoba przegl\u0105daj\u0105ca stron\u0119 mniszek.org jest zobowi\u0105zana do przestrzegania poni\u017cszego regulaminu oraz <a href=\"http:\/\/mniszek.org\/polityka-prywatnosci\/\">polityki prywatno\u015bci.<\/a><\/p>\n\n\n\n<p>Prosz\u0119 zwr\u00f3ci\u0107 uwag\u0119, \u017ce bezpiecze\u0144stwo przegl\u0105dania tej strony zale\u017cy g\u0142\u00f3wnie od u\u017cytkownika. Nale\u017cy dba\u0107 o zabezpieczenie techniczne systemu.<\/p>\n\n\n\n<p>W przypadku stwierdzenia naruszenia bezpiecze\u0144stwa prosi si\u0119 o kontakt pod adresem kontakt@mniszek.org<\/p>\n\n\n\n<h2 class=\"wp-block-heading\">\u00a71 Poj\u0119cia og\u00f3lne<\/h2>\n\n\n\n<ul class=\"wp-block-list\">\n<li><strong>Regulamin<\/strong> \u2013 niniejszy regulamin<\/li>\n\n\n\n<li><strong>Serwis<\/strong> \u2013 serwis internetowy dzia\u0142aj\u0105cych pod adresem https:\/\/mniszek.org<\/li>\n\n\n\n<li><strong>Us\u0142ugodawca<\/strong> \u2013 w\u0142a\u015bciciel serwisu b\u0119d\u0105cy osob\u0105 fizyczn\u0105 \u2013 Micha\u0142 Wojciechowski<\/li>\n\n\n\n<li><strong>Us\u0142ugobiorca<\/strong> \u2013 ka\u017cda osoba fizyczna, uzyskuj\u0105ca dost\u0119p do Serwisu i korzystaj\u0105ca z us\u0142ug \u015bwiadczonych za po\u015brednictwem Serwisu przez Us\u0142ugodawc\u0119<\/li>\n\n\n\n<li><strong>Komunikacja Drog\u0105 Elektroniczn\u0105<\/strong> \u2013 Komunikacja pomi\u0119dzy stronami za po\u015brednictwem poczty elektronicznej (e-mail)<\/li>\n<\/ul>\n\n\n\n<h2 class=\"wp-block-heading\">\u00a72 Postanowienia og\u00f3lne<\/h2>\n\n\n\n<ul class=\"wp-block-list\">\n<li>Regulamin, okre\u015bla zasady funkcjonowania i u\u017cytkowania Serwisu.<\/li>\n\n\n\n<li>Przedmiotem us\u0142ug Us\u0142ugodawcy jest udost\u0119pnienie nieodp\u0142atnych tre\u015bci.<\/li>\n\n\n\n<li>Wszelkie ewentualne tre\u015bci, artyku\u0142y i informacje zawieraj\u0105ce cechy wskaz\u00f3wek lub porad publikowane na \u0142amach Serwisu s\u0105 jedynie og\u00f3lnym zbiorem informacji i nie s\u0105 kierowane do poszczeg\u00f3lnych Us\u0142ugobiorc\u00f3w. Us\u0142ugodawca nie ponosi odpowiedzialno\u015bci za wykorzystanie ich przez Us\u0142ugobiorc\u00f3w. Strona mniszek.org pe\u0142ni funkcj\u0119 poradnika i nie zast\u0105pi porady lekarskiej b\u0105d\u017a wizyty u psychologa\/psychoterapeuty.<\/li>\n\n\n\n<li>Us\u0142ugodawca nie udziela \u017cadnej gwarancji co do przydatno\u015bci materia\u0142\u00f3w umieszczonych w Serwisie.<\/li>\n\n\n\n<li>Us\u0142ugodawca nie ponosi odpowiedzialno\u015bci z tytu\u0142u ewentualnych szk\u00f3d poniesionych przez Us\u0142ugobiorc\u00f3w Serwisu lub osoby trzecie w zwi\u0105zku z korzystaniem z Serwisu. Wszelkie ryzyko zwi\u0105zane z korzystaniem z Serwisu, a w szczeg\u00f3lno\u015bci z u\u017cywaniem i wykorzystywaniem informacji umieszczonych w Serwisie, ponosi Us\u0142ugobiorca korzystaj\u0105cy z us\u0142ug Serwisu.<\/li>\n<\/ul>\n\n\n\n<h2 class=\"wp-block-heading\">\u00a73 Warunki u\u017cywania Serwisu<\/h2>\n\n\n\n<ul class=\"wp-block-list\">\n<li>U\u017cywanie Serwisu przez ka\u017cdego z Us\u0142ugobiorc\u00f3w jest nieodp\u0142atne i dobrowolne.<\/li>\n\n\n\n<li>Us\u0142ugobiorcy maj\u0105 obowi\u0105zek zapoznania si\u0119 z Regulaminem oraz Polityk\u0105 Prywatni\u015bci i musz\u0105 zaakceptowa\u0107 w ca\u0142o\u015bci ich postanowienia w celu dalszego korzystania z Serwisu.<\/li>\n\n\n\n<li>Us\u0142ugobiorcy nie mog\u0105 wykorzystywa\u0107 \u017cadnych pozyskanych w Serwisie danych osobowych do cel\u00f3w marketingowych.<\/li>\n<\/ul>\n\n\n\n<ul class=\"wp-block-list\">\n<li>Zabrania si\u0119 dzia\u0142a\u0144 wykonywanych osobi\u015bcie przez Us\u0142ugobiorc\u00f3w lub przy u\u017cyciu oprorgamowania:\n<ul class=\"wp-block-list\">\n<li>bez zgody pisemnej, dekompilacji i analizy kodu \u017ar\u00f3d\u0142owego<\/li>\n\n\n\n<li>bez zgody pisemnej, powoduj\u0105cych nadmierne obci\u0105\u017cenie serwera Serwisu<\/li>\n\n\n\n<li>bez zgody pisemnej, pr\u00f3b wykrycia luk w zabezpieczeniach Serwisu i konfiguracji serwera<\/li>\n\n\n\n<li>podejmowania pr\u00f3b wgrywania lub wstrzykiwania na serwer i do bazy danych kodu skrypt\u00f3w i oprogramowania mog\u0105cych wyrz\u0105dzi\u0107 szkod\u0119 oprogramowaniu Serwisu innym Us\u0142ugobiorcom lub Us\u0142ugodawcy<\/li>\n\n\n\n<li>podejmowania pr\u00f3b wgrywania lub strzykiwania na serwer i do bazy danych kodu, skrypt\u00f3w i oprogramowania mog\u0105cych \u015bledzi\u0107 lub wykrada\u0107 dane Us\u0142ugobiorc\u00f3w lub Us\u0142ugodawcy<\/li>\n\n\n\n<li>podejmowania jakichkolwiek dzia\u0142a\u0144 maj\u0105cych na celu uszkodzenie, zablokowanie dzia\u0142ania Serwisu lub uniemo\u017cliwienie realizacji celu w jakim dzia\u0142a Serwis<\/li>\n<\/ul>\n<\/li>\n\n\n\n<li>W przypadku wykrycia zaistnienia lub potencjalnej mo\u017cliwo\u015bci zaistnienia incydentu Cyberbezpiecze\u0144stwa lub naruszenia RODO, Us\u0142ugobiorcy w pierwszej kolejno\u015bci powinni zg\u0142osi\u0107 ten fakt Us\u0142ugodawcy w celu szybkiego usuni\u0119cia problemu \/ zagro\u017cenia i zabezpieczenia interes\u00f3w wszystkich Us\u0142ugobiorc\u00f3w Serwisu.<\/li>\n<\/ul>\n\n\n\n<h2 class=\"wp-block-heading\">\u00a74 Warunki komunikacji i \u015bwiadczenia pozosta\u0142ych us\u0142ug w Serwisie<\/h2>\n\n\n\n<ul class=\"wp-block-list\">\n<li>Serwis udost\u0119pnia dane kontaktowe w postaci:\n<ul class=\"wp-block-list\">\n<li>Adresu e-mail kontakt@mniszek.org<\/li>\n<\/ul>\n<\/li>\n\n\n\n<li>W przypadku kontaktu Us\u0142ugobiorcy z Us\u0142ugodawc\u0105, dane osobowe Us\u0142ugobiorc\u00f3w b\u0119da przetwarzane zgodnie z \u201e<a href=\"http:\/\/mniszek.org\/polityka-prywatnosci\/\">Polityk\u0105 Prywatno\u015bci<\/a>\u201e, stanowi\u0105c\u0105 integraln\u0105 cz\u0119\u015b\u0107 Regulaminu.<\/li>\n<\/ul>\n\n\n\n<h2 class=\"wp-block-heading\">\u00a75 Gromadzenie danych o Us\u0142ugobiorcach<\/h2>\n\n\n\n<p>W celu prawid\u0142owego \u015bwiadczenia us\u0142ug przez Serwis, zabezpieczenia prawnego interesu Us\u0142ugodawcy oraz w celu zapewnienia zgodno\u015bci dzia\u0142ania Serwisu z obowi\u0105zuj\u0105cym prawem, Us\u0142ugodawca za po\u015brednictwem Serwisu gromadzi i przetwarza niekt\u00f3re dane o U\u017cytkownikach.<\/p>\n\n\n\n<p>Zakres, cele, spos\u00f3b oraz zasady przetwarzania danych dost\u0119pne s\u0105 w <a href=\"http:\/\/mniszek.org\/polityka-prywatnosci\/\">Polityce prywatno\u015bci<\/a>.<\/p>\n\n\n\n<h2 class=\"wp-block-heading\">\u00a76 Prawa autorskie<\/h2>\n\n\n\n<ul class=\"wp-block-list\">\n<li>W\u0142a\u015bcicielem Serwisu oraz praw autorskich do serwisu jest osoba fizyczna Micha\u0142 Wojciechowski.<\/li>\n\n\n\n<li>Cz\u0119\u015b\u0107 danych zamieszczonych w Serwisie jest chroniona prawami autorskimi.<\/li>\n\n\n\n<li>Na podstawie Ustawy z dnia 4 lutego 1994 o prawie autorskim zabrania si\u0119 kopiowania, reprodukowania w jakiejkolwiek formie wszelkich artyku\u0142\u00f3w, opis\u00f3w, zdj\u0119\u0107 oraz innych tre\u015bci bez pisemnej zgody ich w\u0142a\u015bciciela.<\/li>\n\n\n\n<li>Zgodnie z Ustaw\u0105 z dnia 4 lutego 1994 o prawie autorskim ochronie nie podlegaj\u0105 proste informacje prasowe, rozumiane jako same informacje, bez komentarza i oceny ich autora.<\/li>\n<\/ul>\n\n\n\n<h2 class=\"wp-block-heading\">\u00a77 Zmiany Regulaminu<\/h2>\n\n\n\n<ul class=\"wp-block-list\">\n<li>Wszelkie postanowienia Regulaminu mog\u0105 by\u0107 w ka\u017cdej chwili jednostronnie zmieniane przez Us\u0142ugodawc\u0119, bez podawania przyczyn.<\/li>\n\n\n\n<li>Zmiany Regulaminu wchodz\u0105 w \u017cycie natychmiast po ich publikacji.<\/li>\n\n\n\n<li>Traktuje si\u0119 i\u017c ka\u017cdy Us\u0142ugobiorca, kontynuuj\u0105cy korzystanie z Serwisu po zmianie Regulaminu akceptuje go w ca\u0142o\u015bci.<\/li>\n<\/ul>\n\n\n\n<h2 class=\"wp-block-heading\">\u00a78 Postanowienia ko\u0144cowe<\/h2>\n\n\n\n<ul class=\"wp-block-list\">\n<li>Us\u0142ugodawca nie ponosi odpowiedzialno\u015bci za zak\u0142\u00f3cenia spowodowane si\u0142\u0105 wy\u017csz\u0105 lub niedozwolon\u0105 ingerencj\u0105 Us\u0142ugobiorc\u00f3w, os\u00f3b trzecich czy dzia\u0142alno\u015bci\u0105 zewn\u0119trznych automatycznych program\u00f3w.<\/li>\n\n\n\n<li>Us\u0142ugodawca zastrzega sobie prawo do zmiany jakichkolwiek informacji umieszczonych w Serwisie, bez konieczno\u015bci uprzedniego powiadomienia Us\u0142ugobiorc\u00f3w korzystaj\u0105cych z us\u0142ug Serwisu.<\/li>\n\n\n\n<li>Us\u0142ugodawca zastrzega sobie prawo do czasowego, ca\u0142kowitego lub cz\u0119\u015bciowego wy\u0142\u0105czenia Serwisu w celu jego ulepszenia, dodawania us\u0142ug lub przeprowadzania konserwacji, bez wcze\u015bniejszego uprzedzania o tym Us\u0142ugobiorc\u00f3w.<\/li>\n\n\n\n<li>Us\u0142ugodawca zastrzega sobie prawo do wy\u0142\u0105czenia Serwisu na sta\u0142e, bez wcze\u015bniejszego uprzedzania o tym Us\u0142ugobiorc\u00f3w.<\/li>\n\n\n\n<li>Us\u0142ugodawca zastrzega sobie prawo do dokonania cesji w cz\u0119\u015bci lub w ca\u0142o\u015bci wszelkich swoich praw i obowi\u0105zk\u00f3w zwi\u0105zanych z Serwisem, bez zgody i mo\u017cliwo\u015bci wyra\u017cania jakichkolwiek sprzeciw\u00f3w przez Us\u0142ugobiorc\u00f3w.<\/li>\n\n\n\n<li>We wszelkich sprawach zwi\u0105zanych z dzia\u0142alno\u015bci\u0105 Serwisu nale\u017cy kontaktowa\u0107 si\u0119 z Us\u0142ugodawc\u0105 korzystaj\u0105c z poni\u017cszych form kontaktu:\n<ul class=\"wp-block-list\">\n<li>Wysy\u0142aj\u0105c wiadomo\u015b\u0107 na adres e-mail: kontakt@mniszek.org<\/li>\n<\/ul>\n<\/li>\n<\/ul>\n\n\n\n<p><\/p>\n","protected":false},"excerpt":{"rendered":"<p>Ka\u017cda osoba przegl\u0105daj\u0105ca stron\u0119 mniszek.org jest zobowi\u0105zana do przestrzegania poni\u017cszego regulaminu oraz polityki prywatno\u015bci. Prosz\u0119 zwr\u00f3ci\u0107 uwag\u0119, \u017ce bezpiecze\u0144stwo przegl\u0105dania tej strony zale\u017cy g\u0142\u00f3wnie od u\u017cytkownika. Nale\u017cy dba\u0107 o zabezpieczenie techniczne systemu. W przypadku stwierdzenia naruszenia bezpiecze\u0144stwa prosi si\u0119 o kontakt pod adresem kontakt@mniszek.org \u00a71 Poj\u0119cia og\u00f3lne \u00a72 Postanowienia og\u00f3lne \u00a73 Warunki u\u017cywania Serwisu \u00a74 [&hellip;]<\/p>\n","protected":false},"author":1,"featured_media":0,"parent":0,"menu_order":0,"comment_status":"closed","ping_status":"closed","template":"","meta":{"footnotes":""},"class_list":["post-90","page","type-page","status-publish","hentry"],"_links":{"self":[{"href":"https:\/\/mniszek.org\/en\/wp-json\/wp\/v2\/pages\/90","targetHints":{"allow":["GET"]}}],"collection":[{"href":"https:\/\/mniszek.org\/en\/wp-json\/wp\/v2\/pages"}],"about":[{"href":"https:\/\/mniszek.org\/en\/wp-json\/wp\/v2\/types\/page"}],"author":[{"embeddable":true,"href":"https:\/\/mniszek.org\/en\/wp-json\/wp\/v2\/users\/1"}],"replies":[{"embeddable":true,"href":"https:\/\/mniszek.org\/en\/wp-json\/wp\/v2\/comments?post=90"}],"version-history":[{"count":14,"href":"https:\/\/mniszek.org\/en\/wp-json\/wp\/v2\/pages\/90\/revisions"}],"predecessor-version":[{"id":184,"href":"https:\/\/mniszek.org\/en\/wp-json\/wp\/v2\/pages\/90\/revisions\/184"}],"wp:attachment":[{"href":"https:\/\/mniszek.org\/en\/wp-json\/wp\/v2\/media?parent=90"}],"curies":[{"name":"wp","href":"https:\/\/api.w.org\/{rel}","templated":true}]}}